{"id":35359,"date":"2023-05-09T17:09:14","date_gmt":"2023-05-09T15:09:14","guid":{"rendered":"https:\/\/ieo-opm.com\/?page_id=35359"},"modified":"2024-10-29T14:36:33","modified_gmt":"2024-10-29T13:36:33","slug":"formulari-pel-18-11-2024","status":"publish","type":"page","link":"https:\/\/ieo-opm.com\/oc\/formulari-pel-18-11-2024\/","title":{"rendered":"Formulari pel 18\/11\/2024"},"content":{"rendered":"\n[et_pb_section fb_built=&nbsp;&raquo;1&Prime; _builder_version=&nbsp;&raquo;4.21.0&Prime; _module_preset=&nbsp;&raquo;default&nbsp;&raquo; global_colors_info=&nbsp;&raquo;{}&nbsp;&raquo;][et_pb_row _builder_version=&nbsp;&raquo;4.21.0&Prime; _module_preset=&nbsp;&raquo;default&nbsp;&raquo; custom_padding=&nbsp;&raquo;||||false|false&nbsp;&raquo; global_colors_info=&nbsp;&raquo;{}&nbsp;&raquo;][et_pb_column type=&nbsp;&raquo;4_4&Prime; _builder_version=&nbsp;&raquo;4.21.0&Prime; _module_preset=&nbsp;&raquo;default&nbsp;&raquo; global_colors_info=&nbsp;&raquo;{}&nbsp;&raquo;][et_pb_contact_form email=&nbsp;&raquo;danis@ieo-opm.com&nbsp;&raquo; title=&nbsp;&raquo;Formulari d&rsquo;inscripcion a la jornada de recampament IEO del 18\/11\/2024&Prime; custom_message=&nbsp;&raquo;Qualqu&rsquo;un ven de se marcar pel 18 de novembre :||et_pb_line_break_holder||||et_pb_line_break_holder||%%Pichon_nom%% %%Nom%% de %%Estructura%%||et_pb_line_break_holder||%%Email%%||et_pb_line_break_holder||%%Participacion%%&nbsp;&raquo; success_message=&nbsp;&raquo;Merc\u00e9s, es plan notat !&nbsp;&raquo; submit_button_text=&nbsp;&raquo;M&rsquo;inscriure&nbsp;&raquo; _builder_version=&nbsp;&raquo;4.27.2&Prime; _module_preset=&nbsp;&raquo;default&nbsp;&raquo; _unique_id=&nbsp;&raquo;895b3014-ef9f-481a-add2-e7f0d2e9cd73&Prime; title_font=&nbsp;&raquo;|600|||||||&nbsp;&raquo; custom_button=&nbsp;&raquo;on&nbsp;&raquo; button_icon=&nbsp;&raquo;&#xf5a1;||fa||900&Prime; button_icon_placement=&nbsp;&raquo;left&nbsp;&raquo; button_on_hover=&nbsp;&raquo;off&nbsp;&raquo; hover_enabled=&nbsp;&raquo;0&Prime; global_colors_info=&nbsp;&raquo;{}&nbsp;&raquo; sticky_enabled=&nbsp;&raquo;0&Prime;][et_pb_contact_field field_id=&nbsp;&raquo;Nom&nbsp;&raquo; field_title=&nbsp;&raquo;Nom&nbsp;&raquo; _builder_version=&nbsp;&raquo;4.21.0&Prime; global_colors_info=&nbsp;&raquo;{}&nbsp;&raquo; button_text_size__hover_enabled=&nbsp;&raquo;off&nbsp;&raquo; button_one_text_size__hover_enabled=&nbsp;&raquo;off&nbsp;&raquo; button_two_text_size__hover_enabled=&nbsp;&raquo;off&nbsp;&raquo; button_text_color__hover_enabled=&nbsp;&raquo;off&nbsp;&raquo; button_one_text_color__hover_enabled=&nbsp;&raquo;off&nbsp;&raquo; button_two_text_color__hover_enabled=&nbsp;&raquo;off&nbsp;&raquo; button_border_width__hover_enabled=&nbsp;&raquo;off&nbsp;&raquo; button_one_border_width__hover_enabled=&nbsp;&raquo;off&nbsp;&raquo; button_two_border_width__hover_enabled=&nbsp;&raquo;off&nbsp;&raquo; button_border_color__hover_enabled=&nbsp;&raquo;off&nbsp;&raquo; button_one_border_color__hover_enabled=&nbsp;&raquo;off&nbsp;&raquo; button_two_border_color__hover_enabled=&nbsp;&raquo;off&nbsp;&raquo; button_border_radius__hover_enabled=&nbsp;&raquo;off&nbsp;&raquo; button_one_border_radius__hover_enabled=&nbsp;&raquo;off&nbsp;&raquo; button_two_border_radius__hover_enabled=&nbsp;&raquo;off&nbsp;&raquo; button_letter_spacing__hover_enabled=&nbsp;&raquo;off&nbsp;&raquo; button_one_letter_spacing__hover_enabled=&nbsp;&raquo;off&nbsp;&raquo; button_two_letter_spacing__hover_enabled=&nbsp;&raquo;off&nbsp;&raquo; button_bg_color__hover_enabled=&nbsp;&raquo;off&nbsp;&raquo; button_one_bg_color__hover_enabled=&nbsp;&raquo;off&nbsp;&raquo; button_two_bg_color__hover_enabled=&nbsp;&raquo;off&nbsp;&raquo;][\/et_pb_contact_field][et_pb_contact_field field_id=&nbsp;&raquo;Pichon_nom&nbsp;&raquo; field_title=&nbsp;&raquo;Pichon nom&nbsp;&raquo; _builder_version=&nbsp;&raquo;4.21.0&Prime; _module_preset=&nbsp;&raquo;default&nbsp;&raquo; global_colors_info=&nbsp;&raquo;{}&nbsp;&raquo;][\/et_pb_contact_field][et_pb_contact_field field_id=&nbsp;&raquo;Email&nbsp;&raquo; field_title=&nbsp;&raquo;Adre\u00e7a email&nbsp;&raquo; field_type=&nbsp;&raquo;email&nbsp;&raquo; _builder_version=&nbsp;&raquo;4.21.0&Prime; global_colors_info=&nbsp;&raquo;{}&nbsp;&raquo; button_text_size__hover_enabled=&nbsp;&raquo;off&nbsp;&raquo; button_one_text_size__hover_enabled=&nbsp;&raquo;off&nbsp;&raquo; button_two_text_size__hover_enabled=&nbsp;&raquo;off&nbsp;&raquo; button_text_color__hover_enabled=&nbsp;&raquo;off&nbsp;&raquo; button_one_text_color__hover_enabled=&nbsp;&raquo;off&nbsp;&raquo; button_two_text_color__hover_enabled=&nbsp;&raquo;off&nbsp;&raquo; button_border_width__hover_enabled=&nbsp;&raquo;off&nbsp;&raquo; button_one_border_width__hover_enabled=&nbsp;&raquo;off&nbsp;&raquo; button_two_border_width__hover_enabled=&nbsp;&raquo;off&nbsp;&raquo; button_border_color__hover_enabled=&nbsp;&raquo;off&nbsp;&raquo; button_one_border_color__hover_enabled=&nbsp;&raquo;off&nbsp;&raquo; button_two_border_color__hover_enabled=&nbsp;&raquo;off&nbsp;&raquo; button_border_radius__hover_enabled=&nbsp;&raquo;off&nbsp;&raquo; button_one_border_radius__hover_enabled=&nbsp;&raquo;off&nbsp;&raquo; button_two_border_radius__hover_enabled=&nbsp;&raquo;off&nbsp;&raquo; button_letter_spacing__hover_enabled=&nbsp;&raquo;off&nbsp;&raquo; button_one_letter_spacing__hover_enabled=&nbsp;&raquo;off&nbsp;&raquo; button_two_letter_spacing__hover_enabled=&nbsp;&raquo;off&nbsp;&raquo; button_bg_color__hover_enabled=&nbsp;&raquo;off&nbsp;&raquo; button_one_bg_color__hover_enabled=&nbsp;&raquo;off&nbsp;&raquo; button_two_bg_color__hover_enabled=&nbsp;&raquo;off&nbsp;&raquo;][\/et_pb_contact_field][et_pb_contact_field field_id=&nbsp;&raquo;Estructura&nbsp;&raquo; field_title=&nbsp;&raquo;Estructura&nbsp;&raquo; required_mark=&nbsp;&raquo;off&nbsp;&raquo; _builder_version=&nbsp;&raquo;4.21.0&Prime; _module_preset=&nbsp;&raquo;default&nbsp;&raquo; global_colors_info=&nbsp;&raquo;{}&nbsp;&raquo;][\/et_pb_contact_field][et_pb_contact_field field_id=&nbsp;&raquo;Remarcas&nbsp;&raquo; field_title=&nbsp;&raquo;Av\u00e8tz d&rsquo;id\u00e8as, de remarcas, de besonhs, d&rsquo;interrogacions, de sometre en avan\u00e7a per qu&rsquo;i poscam trabalhar dess\u00fas ?&nbsp;&raquo; field_type=&nbsp;&raquo;text&nbsp;&raquo; required_mark=&nbsp;&raquo;off&nbsp;&raquo; fullwidth_field=&nbsp;&raquo;on&nbsp;&raquo; _builder_version=&nbsp;&raquo;4.21.0&Prime; _module_preset=&nbsp;&raquo;default&nbsp;&raquo; global_colors_info=&nbsp;&raquo;{}&nbsp;&raquo;][\/et_pb_contact_field][et_pb_contact_field field_id=&nbsp;&raquo;Participacion&nbsp;&raquo; field_title=&nbsp;&raquo;Seretz present-a per lo\/la&#8230;&nbsp;&raquo; field_type=&nbsp;&raquo;checkbox&nbsp;&raquo; checkbox_options=&nbsp;&raquo;%91{%22value%22:%22Matinada%22,%22checked%22:0,%22dragID%22:-1,%22link_url%22:%22%22,%22link_text%22:%22%22},{%22value%22:%22Repais%22,%22checked%22:0,%22dragID%22:0},{%22value%22:%22Vesprada%22,%22checked%22:0,%22dragID%22:1}%93&Prime; fullwidth_field=&nbsp;&raquo;on&nbsp;&raquo; _builder_version=&nbsp;&raquo;4.21.0&Prime; _module_preset=&nbsp;&raquo;default&nbsp;&raquo; global_colors_info=&nbsp;&raquo;{}&nbsp;&raquo;][\/et_pb_contact_field][\/et_pb_contact_form][\/et_pb_column][\/et_pb_row][\/et_pb_section]\n","protected":false},"excerpt":{"rendered":"","protected":false},"author":1,"featured_media":0,"parent":0,"menu_order":0,"comment_status":"closed","ping_status":"closed","template":"","meta":{"_et_pb_use_builder":"on","_et_pb_old_content":"","_et_gb_content_width":"","footnotes":""},"class_list":["post-35359","page","type-page","status-publish","hentry"],"_links":{"self":[{"href":"https:\/\/ieo-opm.com\/oc\/wp-json\/wp\/v2\/pages\/35359","targetHints":{"allow":["GET"]}}],"collection":[{"href":"https:\/\/ieo-opm.com\/oc\/wp-json\/wp\/v2\/pages"}],"about":[{"href":"https:\/\/ieo-opm.com\/oc\/wp-json\/wp\/v2\/types\/page"}],"author":[{"embeddable":true,"href":"https:\/\/ieo-opm.com\/oc\/wp-json\/wp\/v2\/users\/1"}],"replies":[{"embeddable":true,"href":"https:\/\/ieo-opm.com\/oc\/wp-json\/wp\/v2\/comments?post=35359"}],"version-history":[{"count":13,"href":"https:\/\/ieo-opm.com\/oc\/wp-json\/wp\/v2\/pages\/35359\/revisions"}],"predecessor-version":[{"id":40274,"href":"https:\/\/ieo-opm.com\/oc\/wp-json\/wp\/v2\/pages\/35359\/revisions\/40274"}],"wp:attachment":[{"href":"https:\/\/ieo-opm.com\/oc\/wp-json\/wp\/v2\/media?parent=35359"}],"curies":[{"name":"wp","href":"https:\/\/api.w.org\/{rel}","templated":true}]}}